{"id":36,"date":"2015-06-10T18:31:57","date_gmt":"2015-06-10T16:31:57","guid":{"rendered":"http:\/\/serwer1405000.home.pl\/expertline\/?page_id=36"},"modified":"2015-07-06T10:13:11","modified_gmt":"2015-07-06T08:13:11","slug":"filozofia","status":"publish","type":"page","link":"https:\/\/expertline-automotive.com\/?page_id=36","title":{"rendered":"filozofia"},"content":{"rendered":"<p>Nasza pasja do aut francuskich zaowocowa\u0142a stworzeniem oferty, kt\u00f3ra pokrywa zapotrzebowanie zar\u00f3wno na najcz\u0119\u015bciej wymieniane przez mechanik\u00f3w elementy, jak i cz\u0119\u015bci trudne do zdobycia na rynku napraw pogwarancyjnych.<\/p>\n<p>Jeste\u015bmy specjalistami, znamy rozwi\u0105zania konstrukcyjne typowe dla francuskiego przemys\u0142u motoryzacyjnego i ci\u0105gle dostosowujemy ofert\u0119 do potrzeb warsztat\u00f3w i klient\u00f3w indywidualnych na dobre jako\u015bciowo, szybko rotuj\u0105ce cz\u0119\u015bci, ale tak\u017ce ma\u0142o popularne referencje, kt\u00f3rych pr\u00f3\u017cno szuka\u0107 w ofercie innych firm.<\/p>\n<p>D\u0142ugoletnia wsp\u00f3\u0142praca z wyselekcjonowanymi dostawcami pozwoli\u0142a stworzy\u0107 ofert\u0119 charakteryzuj\u0105c\u0105 si\u0119 bardzo dobrym stosunkiem jako\u015bci do ceny, spe\u0142niaj\u0105c\u0105 wymagania wsp\u00f3\u0142czesnego, dynamicznego rynku.<\/p>\n","protected":false},"excerpt":{"rendered":"Nasza pasja do aut francuskich zaowocowa\u0142a stworzeniem oferty, kt\u00f3ra pokrywa zapotrzebowanie zar\u00f3wno na najcz\u0119\u015bciej wymieniane przez mechanik\u00f3w elementy, jak i cz\u0119\u015bci trudne do zdobycia na rynku napraw pogwarancyjnych. Jeste\u015bmy specjalistami, znamy rozwi\u0105zania konstrukcyjne typowe dla francuskiego przemys\u0142u motoryzacyjnego i ci\u0105gle dostosowujemy ofert\u0119 do potrzeb warsztat\u00f3w i klient\u00f3w indywidualnych na dobre jako\u015bciowo, szybko rotuj\u0105ce cz\u0119\u015bci, ale<a class=\"btn readmore\" href=\"https:\/\/expertline-automotive.com\/?page_id=36\">wi\u0119cej<\/a>","protected":false},"author":3,"featured_media":0,"parent":9,"menu_order":0,"comment_status":"closed","ping_status":"closed","template":"","meta":{"footnotes":""},"class_list":["post-36","page","type-page","status-publish","hentry"],"aioseo_notices":[],"_links":{"self":[{"href":"https:\/\/expertline-automotive.com\/index.php?rest_route=\/wp\/v2\/pages\/36","targetHints":{"allow":["GET"]}}],"collection":[{"href":"https:\/\/expertline-automotive.com\/index.php?rest_route=\/wp\/v2\/pages"}],"about":[{"href":"https:\/\/expertline-automotive.com\/index.php?rest_route=\/wp\/v2\/types\/page"}],"author":[{"embeddable":true,"href":"https:\/\/expertline-automotive.com\/index.php?rest_route=\/wp\/v2\/users\/3"}],"replies":[{"embeddable":true,"href":"https:\/\/expertline-automotive.com\/index.php?rest_route=%2Fwp%2Fv2%2Fcomments&post=36"}],"version-history":[{"count":11,"href":"https:\/\/expertline-automotive.com\/index.php?rest_route=\/wp\/v2\/pages\/36\/revisions"}],"predecessor-version":[{"id":264,"href":"https:\/\/expertline-automotive.com\/index.php?rest_route=\/wp\/v2\/pages\/36\/revisions\/264"}],"up":[{"embeddable":true,"href":"https:\/\/expertline-automotive.com\/index.php?rest_route=\/wp\/v2\/pages\/9"}],"wp:attachment":[{"href":"https:\/\/expertline-automotive.com\/index.php?rest_route=%2Fwp%2Fv2%2Fmedia&parent=36"}],"curies":[{"name":"wp","href":"https:\/\/api.w.org\/{rel}","templated":true}]}}